{"id":3181,"date":"2022-12-21T21:38:02","date_gmt":"2022-12-22T02:38:12","guid":{"rendered":"https:\/\/mdesign.pe\/clon\/?page_id=3181"},"modified":"2025-03-20T22:53:00","modified_gmt":"2025-03-21T03:53:00","slug":"business-intelligence-data-science","status":"publish","type":"page","link":"https:\/\/mdtechbiz.com\/es\/services\/business-intelligence-data-science\/","title":{"rendered":"Business Intelligence &#038; Data Science"},"content":{"rendered":"<div data-elementor-type=\"wp-page\" data-elementor-id=\"3181\" class=\"elementor elementor-3181\" data-elementor-post-type=\"page\">\n\t\t\t\t<div data-particle_enable=\"false\" data-particle-mobile-disabled=\"false\" class=\"elementor-element elementor-element-ef1a7b7 e-con-full e-flex e-con e-parent\" data-id=\"ef1a7b7\" data-element_type=\"container\" data-e-type=\"container\" data-settings=\"{&quot;background_background&quot;:&quot;classic&quot;}\">\n\t\t<div data-particle_enable=\"false\" data-particle-mobile-disabled=\"false\" class=\"elementor-element elementor-element-27bd25e e-flex e-con-boxed e-con e-child\" data-id=\"27bd25e\" data-element_type=\"container\" data-e-type=\"container\" data-settings=\"{&quot;background_background&quot;:&quot;classic&quot;}\">\n\t\t\t\t\t<div class=\"e-con-inner\">\n\t\t<div data-particle_enable=\"false\" data-particle-mobile-disabled=\"false\" class=\"elementor-element elementor-element-8d3d032 e-flex e-con-boxed e-con e-child\" data-id=\"8d3d032\" data-element_type=\"container\" data-e-type=\"container\" data-settings=\"{&quot;background_background&quot;:&quot;classic&quot;}\">\n\t\t\t\t\t<div class=\"e-con-inner\">\n\t\t\t\t<div class=\"elementor-element elementor-element-ace0260 elementor-widget elementor-widget-heading\" data-id=\"ace0260\" data-element_type=\"widget\" data-e-type=\"widget\" data-widget_type=\"heading.default\">\n\t\t\t\t\t<h2 class=\"elementor-heading-title elementor-size-default\">Business Intelligence  &amp; Data Science<\/h2>\t\t\t\t<\/div>\n\t\t\t\t<div class=\"elementor-element elementor-element-b3045c9 elementor-widget elementor-widget-heading\" data-id=\"b3045c9\" data-element_type=\"widget\" data-e-type=\"widget\" data-widget_type=\"heading.default\">\n\t\t\t\t\t<h2 class=\"elementor-heading-title elementor-size-default\">Beneficios<\/h2>\t\t\t\t<\/div>\n\t\t\t\t<div class=\"elementor-element elementor-element-92cc236 elementor-widget__width-initial elementor-widget elementor-widget-text-editor\" data-id=\"92cc236\" data-element_type=\"widget\" data-e-type=\"widget\" data-widget_type=\"text-editor.default\">\n\t\t\t\t\t\t\t\t\t<p style=\"text-align: center;\">An\u00e1lisis de negocio en tiempo real | Identificaci\u00f3n de patrones y tendencias | Personalizaci\u00f3n y mejora de la experiencia del cliente<\/p>\t\t\t\t\t\t\t\t<\/div>\n\t\t\t\t<div class=\"elementor-element elementor-element-bd1a0b0 elementor-align-left elementor-widget elementor-widget-button\" data-id=\"bd1a0b0\" data-element_type=\"widget\" data-e-type=\"widget\" data-widget_type=\"button.default\">\n\t\t\t\t\t\t\t\t\t\t<a class=\"elementor-button elementor-button-link elementor-size-sm elementor-animation-grow\" href=\"https:\/\/wa.link\/mh1h1o\" target=\"_blank\" id=\"botoncito8\">\n\t\t\t\t\t\t<span class=\"elementor-button-content-wrapper\">\n\t\t\t\t\t\t<span class=\"elementor-button-icon\">\n\t\t\t\t<i aria-hidden=\"true\" class=\"far fa-arrow-alt-circle-down\"><\/i>\t\t\t<\/span>\n\t\t\t\t\t\t\t\t\t<span class=\"elementor-button-text\">\u00a1Empieza el cambio ya!<\/span>\n\t\t\t\t\t<\/span>\n\t\t\t\t\t<\/a>\n\t\t\t\t\t\t\t\t<\/div>\n\t\t\t\t\t<\/div>\n\t\t\t\t<\/div>\n\t\t\t\t\t<\/div>\n\t\t\t\t<\/div>\n\t\t\t\t<\/div>\n\t\t<div data-particle_enable=\"false\" data-particle-mobile-disabled=\"false\" class=\"elementor-element elementor-element-a1b8e35 e-flex e-con-boxed e-con e-parent\" data-id=\"a1b8e35\" data-element_type=\"container\" data-e-type=\"container\">\n\t\t\t\t\t<div class=\"e-con-inner\">\n\t\t<div data-particle_enable=\"false\" data-particle-mobile-disabled=\"false\" class=\"elementor-element elementor-element-2ef2122 e-flex e-con-boxed e-con e-child\" data-id=\"2ef2122\" data-element_type=\"container\" data-e-type=\"container\">\n\t\t\t\t\t<div class=\"e-con-inner\">\n\t\t\t\t<div class=\"elementor-element elementor-element-4dc5e98 elementor-widget-mobile__width-initial elementor-view-default elementor-widget elementor-widget-icon\" data-id=\"4dc5e98\" data-element_type=\"widget\" data-e-type=\"widget\" data-widget_type=\"icon.default\">\n\t\t\t\t\t\t\t<div class=\"elementor-icon-wrapper\">\n\t\t\t<a class=\"elementor-icon elementor-animation-grow\" href=\"https:\/\/mdtechbiz.com\/es\/services\/\">\n\t\t\t<i aria-hidden=\"true\" class=\"fas fa-chevron-left\"><\/i>\t\t\t<\/a>\n\t\t<\/div>\n\t\t\t\t\t\t<\/div>\n\t\t\t\t\t<\/div>\n\t\t\t\t<\/div>\n\t\t\t\t\t<\/div>\n\t\t\t\t<\/div>\n\t\t<div data-particle_enable=\"false\" data-particle-mobile-disabled=\"false\" class=\"elementor-element elementor-element-38e42e4 e-flex e-con-boxed e-con e-parent\" data-id=\"38e42e4\" data-element_type=\"container\" data-e-type=\"container\">\n\t\t\t\t\t<div class=\"e-con-inner\">\n\t\t<div data-particle_enable=\"false\" data-particle-mobile-disabled=\"false\" class=\"elementor-element elementor-element-f4c75a8 e-con-full e-flex e-con e-child\" data-id=\"f4c75a8\" data-element_type=\"container\" data-e-type=\"container\">\n\t\t<div data-particle_enable=\"false\" data-particle-mobile-disabled=\"false\" class=\"elementor-element elementor-element-9d55bce e-con-full elementor-hidden-mobile e-flex e-con e-child\" data-id=\"9d55bce\" data-element_type=\"container\" data-e-type=\"container\">\n\t\t<div data-particle_enable=\"false\" data-particle-mobile-disabled=\"false\" class=\"elementor-element elementor-element-40270a5 e-con-full e-flex e-con e-child\" data-id=\"40270a5\" data-element_type=\"container\" data-e-type=\"container\" data-settings=\"{&quot;background_background&quot;:&quot;classic&quot;}\">\n\t\t\t\t<div class=\"elementor-element elementor-element-b94876c elementor-widget elementor-widget-heading\" data-id=\"b94876c\" data-element_type=\"widget\" data-e-type=\"widget\" data-widget_type=\"heading.default\">\n\t\t\t\t\t<h2 class=\"elementor-heading-title elementor-size-default\">\u00a1Hablemos sobre tu proyecto!<\/h2>\t\t\t\t<\/div>\n\t\t\t\t<div class=\"elementor-element elementor-element-b390c12 elementor-widget elementor-widget-heading\" data-id=\"b390c12\" data-element_type=\"widget\" data-e-type=\"widget\" data-widget_type=\"heading.default\">\n\t\t\t\t\t<h2 class=\"elementor-heading-title elementor-size-default\">Estamos preparados para ofrecerte las soluciones que tu empresa necesita.<\/h2>\t\t\t\t<\/div>\n\t\t\t\t<\/div>\n\t\t<div data-particle_enable=\"false\" data-particle-mobile-disabled=\"false\" class=\"elementor-element elementor-element-9a49736 e-con-full e-flex e-con e-child\" data-id=\"9a49736\" data-element_type=\"container\" data-e-type=\"container\">\n\t\t\t\t<div class=\"elementor-element elementor-element-3c76153 elementor-widget elementor-widget-image\" data-id=\"3c76153\" data-element_type=\"widget\" data-e-type=\"widget\" data-widget_type=\"image.default\">\n\t\t\t\t\t\t\t\t\t\t\t\t\t\t\t<img loading=\"lazy\" decoding=\"async\" width=\"843\" height=\"818\" src=\"https:\/\/mdtechbiz.com\/wp-content\/uploads\/2023\/04\/data.png\" class=\"attachment-full size-full wp-image-5645\" alt=\"3D illustration of a hand throwing a dart at a target, symbolizing precision, goals, and data-driven strategy\" srcset=\"https:\/\/mdtechbiz.com\/wp-content\/uploads\/2023\/04\/data.png 843w, https:\/\/mdtechbiz.com\/wp-content\/uploads\/2023\/04\/data-300x291.png 300w, https:\/\/mdtechbiz.com\/wp-content\/uploads\/2023\/04\/data-768x745.png 768w, https:\/\/mdtechbiz.com\/wp-content\/uploads\/2023\/04\/data-12x12.png 12w\" sizes=\"auto, (max-width: 843px) 100vw, 843px\" \/>\t\t\t\t\t\t\t\t\t\t\t\t\t\t\t<\/div>\n\t\t\t\t<\/div>\n\t\t\t\t<\/div>\n\t\t<div data-particle_enable=\"false\" data-particle-mobile-disabled=\"false\" class=\"elementor-element elementor-element-248d050 e-con-full e-flex e-con e-child\" data-id=\"248d050\" data-element_type=\"container\" data-e-type=\"container\" data-settings=\"{&quot;background_background&quot;:&quot;classic&quot;}\">\n\t\t\t\t<div class=\"elementor-element elementor-element-b11f6b5 elementor-widget elementor-widget-heading\" data-id=\"b11f6b5\" data-element_type=\"widget\" data-e-type=\"widget\" data-widget_type=\"heading.default\">\n\t\t\t\t\t<h2 class=\"elementor-heading-title elementor-size-default\">\u00bfQu\u00e9 te ofrecemos? <\/h2>\t\t\t\t<\/div>\n\t\t\t\t<div class=\"elementor-element elementor-element-acfce27 elementor-widget elementor-widget-text-editor\" data-id=\"acfce27\" data-element_type=\"widget\" data-e-type=\"widget\" data-widget_type=\"text-editor.default\">\n\t\t\t\t\t\t\t\t\t<p>Dise\u00f1o, desarrollo e integraciones:<\/p>\t\t\t\t\t\t\t\t<\/div>\n\t\t\t\t<div class=\"elementor-element elementor-element-51a1549 elementor-icon-list--layout-traditional elementor-list-item-link-full_width elementor-widget elementor-widget-icon-list\" data-id=\"51a1549\" data-element_type=\"widget\" data-e-type=\"widget\" data-widget_type=\"icon-list.default\">\n\t\t\t\t\t\t\t<ul class=\"elementor-icon-list-items\">\n\t\t\t\t\t\t\t<li class=\"elementor-icon-list-item\">\n\t\t\t\t\t\t\t\t\t\t\t<span class=\"elementor-icon-list-icon\">\n\t\t\t\t\t\t\t<i aria-hidden=\"true\" class=\"fas fa-check-circle\"><\/i>\t\t\t\t\t\t<\/span>\n\t\t\t\t\t\t\t\t\t\t<span class=\"elementor-icon-list-text\">Dashboards personalizados<\/span>\n\t\t\t\t\t\t\t\t\t<\/li>\n\t\t\t\t\t\t\t\t<li class=\"elementor-icon-list-item\">\n\t\t\t\t\t\t\t\t\t\t\t<span class=\"elementor-icon-list-icon\">\n\t\t\t\t\t\t\t<i aria-hidden=\"true\" class=\"fas fa-check-circle\"><\/i>\t\t\t\t\t\t<\/span>\n\t\t\t\t\t\t\t\t\t\t<span class=\"elementor-icon-list-text\">Reportes y an\u00e1lisis para tu empresa<\/span>\n\t\t\t\t\t\t\t\t\t<\/li>\n\t\t\t\t\t\t\t\t<li class=\"elementor-icon-list-item\">\n\t\t\t\t\t\t\t\t\t\t\t<span class=\"elementor-icon-list-icon\">\n\t\t\t\t\t\t\t<i aria-hidden=\"true\" class=\"fas fa-check-circle\"><\/i>\t\t\t\t\t\t<\/span>\n\t\t\t\t\t\t\t\t\t\t<span class=\"elementor-icon-list-text\">Creaci\u00f3n de WareHouses Data<\/span>\n\t\t\t\t\t\t\t\t\t<\/li>\n\t\t\t\t\t\t\t\t<li class=\"elementor-icon-list-item\">\n\t\t\t\t\t\t\t\t\t\t\t<span class=\"elementor-icon-list-icon\">\n\t\t\t\t\t\t\t<i aria-hidden=\"true\" class=\"fas fa-check-circle\"><\/i>\t\t\t\t\t\t<\/span>\n\t\t\t\t\t\t\t\t\t\t<span class=\"elementor-icon-list-text\">Depuraci\u00f3n de datos<\/span>\n\t\t\t\t\t\t\t\t\t<\/li>\n\t\t\t\t\t\t\t\t<li class=\"elementor-icon-list-item\">\n\t\t\t\t\t\t\t\t\t\t\t<span class=\"elementor-icon-list-icon\">\n\t\t\t\t\t\t\t<i aria-hidden=\"true\" class=\"fas fa-check-circle\"><\/i>\t\t\t\t\t\t<\/span>\n\t\t\t\t\t\t\t\t\t\t<span class=\"elementor-icon-list-text\">Modelado de bases de datos<\/span>\n\t\t\t\t\t\t\t\t\t<\/li>\n\t\t\t\t\t\t\t\t<li class=\"elementor-icon-list-item\">\n\t\t\t\t\t\t\t\t\t\t\t<span class=\"elementor-icon-list-icon\">\n\t\t\t\t\t\t\t<i aria-hidden=\"true\" class=\"fas fa-check-circle\"><\/i>\t\t\t\t\t\t<\/span>\n\t\t\t\t\t\t\t\t\t\t<span class=\"elementor-icon-list-text\">Optimizaci\u00f3n de bases de datos<\/span>\n\t\t\t\t\t\t\t\t\t<\/li>\n\t\t\t\t\t\t\t\t<li class=\"elementor-icon-list-item\">\n\t\t\t\t\t\t\t\t\t\t\t<span class=\"elementor-icon-list-icon\">\n\t\t\t\t\t\t\t<i aria-hidden=\"true\" class=\"fas fa-check-circle\"><\/i>\t\t\t\t\t\t<\/span>\n\t\t\t\t\t\t\t\t\t\t<span class=\"elementor-icon-list-text\">Creaci\u00f3n de Dashboards (Powe BI, Tableau, Excel, etc.)<\/span>\n\t\t\t\t\t\t\t\t\t<\/li>\n\t\t\t\t\t\t\t\t<li class=\"elementor-icon-list-item\">\n\t\t\t\t\t\t\t\t\t\t\t<span class=\"elementor-icon-list-icon\">\n\t\t\t\t\t\t\t<i aria-hidden=\"true\" class=\"fas fa-check-circle\"><\/i>\t\t\t\t\t\t<\/span>\n\t\t\t\t\t\t\t\t\t\t<span class=\"elementor-icon-list-text\">Preparaci\u00f3n de datos para an\u00e1lisis<\/span>\n\t\t\t\t\t\t\t\t\t<\/li>\n\t\t\t\t\t\t\t\t<li class=\"elementor-icon-list-item\">\n\t\t\t\t\t\t\t\t\t\t\t<span class=\"elementor-icon-list-icon\">\n\t\t\t\t\t\t\t<i aria-hidden=\"true\" class=\"fas fa-check-circle\"><\/i>\t\t\t\t\t\t<\/span>\n\t\t\t\t\t\t\t\t\t\t<span class=\"elementor-icon-list-text\">Automatizaci\u00f3n de datos (creaci\u00f3n y gesti\u00f3n de ETL)<\/span>\n\t\t\t\t\t\t\t\t\t<\/li>\n\t\t\t\t\t\t\t\t<li class=\"elementor-icon-list-item\">\n\t\t\t\t\t\t\t\t\t\t\t<span class=\"elementor-icon-list-icon\">\n\t\t\t\t\t\t\t<i aria-hidden=\"true\" class=\"fas fa-check-circle\"><\/i>\t\t\t\t\t\t<\/span>\n\t\t\t\t\t\t\t\t\t\t<span class=\"elementor-icon-list-text\">Configuraci\u00f3n de servidores para Big Data en Google Cloud Platform<\/span>\n\t\t\t\t\t\t\t\t\t<\/li>\n\t\t\t\t\t\t\t\t<li class=\"elementor-icon-list-item\">\n\t\t\t\t\t\t\t\t\t\t\t<span class=\"elementor-icon-list-icon\">\n\t\t\t\t\t\t\t<i aria-hidden=\"true\" class=\"fas fa-check-circle\"><\/i>\t\t\t\t\t\t<\/span>\n\t\t\t\t\t\t\t\t\t\t<span class=\"elementor-icon-list-text\">Modelado de datos (metodolog\u00eda CRISP)<\/span>\n\t\t\t\t\t\t\t\t\t<\/li>\n\t\t\t\t\t\t<\/ul>\n\t\t\t\t\t\t<\/div>\n\t\t\t\t<div class=\"elementor-element elementor-element-f99ba50 elementor-align-left elementor-widget elementor-widget-button\" data-id=\"f99ba50\" data-element_type=\"widget\" data-e-type=\"widget\" data-widget_type=\"button.default\">\n\t\t\t\t\t\t\t\t\t\t<a class=\"elementor-button elementor-button-link elementor-size-sm elementor-animation-grow\" href=\"https:\/\/wa.link\/mh1h1o\" target=\"_blank\" id=\"botoncito14\">\n\t\t\t\t\t\t<span class=\"elementor-button-content-wrapper\">\n\t\t\t\t\t\t<span class=\"elementor-button-icon\">\n\t\t\t\t<i aria-hidden=\"true\" class=\"far fa-arrow-alt-circle-down\"><\/i>\t\t\t<\/span>\n\t\t\t\t\t\t\t\t\t<span class=\"elementor-button-text\">\u00a1Quiero cotizar mi proyecto!<\/span>\n\t\t\t\t\t<\/span>\n\t\t\t\t\t<\/a>\n\t\t\t\t\t\t\t\t<\/div>\n\t\t\t\t<\/div>\n\t\t\t\t<\/div>\n\t\t\t\t\t<\/div>\n\t\t\t\t<\/div>\n\t\t<div data-particle_enable=\"false\" data-particle-mobile-disabled=\"false\" class=\"elementor-element elementor-element-9644997 elementor-hidden-desktop elementor-hidden-tablet e-flex e-con-boxed e-con e-parent\" data-id=\"9644997\" data-element_type=\"container\" data-e-type=\"container\">\n\t\t\t\t\t<div class=\"e-con-inner\">\n\t\t<div data-particle_enable=\"false\" data-particle-mobile-disabled=\"false\" class=\"elementor-element elementor-element-ce733ed e-con-full e-flex e-con e-child\" data-id=\"ce733ed\" data-element_type=\"container\" data-e-type=\"container\">\n\t\t<div data-particle_enable=\"false\" data-particle-mobile-disabled=\"false\" class=\"elementor-element elementor-element-e529c57 e-con-full e-flex e-con e-child\" data-id=\"e529c57\" data-element_type=\"container\" data-e-type=\"container\">\n\t\t<div data-particle_enable=\"false\" data-particle-mobile-disabled=\"false\" class=\"elementor-element elementor-element-3b8b5b7 e-con-full e-flex e-con e-child\" data-id=\"3b8b5b7\" data-element_type=\"container\" data-e-type=\"container\">\n\t\t\t\t<div class=\"elementor-element elementor-element-60173a5 elementor-widget elementor-widget-image\" data-id=\"60173a5\" data-element_type=\"widget\" data-e-type=\"widget\" data-widget_type=\"image.default\">\n\t\t\t\t\t\t\t\t\t\t\t\t\t\t\t<img loading=\"lazy\" decoding=\"async\" width=\"843\" height=\"818\" src=\"https:\/\/mdtechbiz.com\/wp-content\/uploads\/2023\/04\/data.png\" class=\"attachment-full size-full wp-image-5645\" alt=\"3D illustration of a hand throwing a dart at a target, symbolizing precision, goals, and data-driven strategy\" srcset=\"https:\/\/mdtechbiz.com\/wp-content\/uploads\/2023\/04\/data.png 843w, https:\/\/mdtechbiz.com\/wp-content\/uploads\/2023\/04\/data-300x291.png 300w, https:\/\/mdtechbiz.com\/wp-content\/uploads\/2023\/04\/data-768x745.png 768w, https:\/\/mdtechbiz.com\/wp-content\/uploads\/2023\/04\/data-12x12.png 12w\" sizes=\"auto, (max-width: 843px) 100vw, 843px\" \/>\t\t\t\t\t\t\t\t\t\t\t\t\t\t\t<\/div>\n\t\t<div data-particle_enable=\"false\" data-particle-mobile-disabled=\"false\" class=\"elementor-element elementor-element-e65fbb9 e-con-full e-flex e-con e-child\" data-id=\"e65fbb9\" data-element_type=\"container\" data-e-type=\"container\" data-settings=\"{&quot;background_background&quot;:&quot;classic&quot;}\">\n\t\t\t\t<div class=\"elementor-element elementor-element-f240cbe elementor-widget elementor-widget-heading\" data-id=\"f240cbe\" data-element_type=\"widget\" data-e-type=\"widget\" data-widget_type=\"heading.default\">\n\t\t\t\t\t<h2 class=\"elementor-heading-title elementor-size-default\">\u00a1Hablemos sobre tu proyecto!<\/h2>\t\t\t\t<\/div>\n\t\t\t\t<div class=\"elementor-element elementor-element-764490c elementor-widget elementor-widget-heading\" data-id=\"764490c\" data-element_type=\"widget\" data-e-type=\"widget\" data-widget_type=\"heading.default\">\n\t\t\t\t\t<h2 class=\"elementor-heading-title elementor-size-default\">Estamos preparados para ofrecerte las soluciones que tu empresa necesita.<\/h2>\t\t\t\t<\/div>\n\t\t\t\t<\/div>\n\t\t\t\t<\/div>\n\t\t\t\t<\/div>\n\t\t\t\t<\/div>\n\t\t\t\t\t<\/div>\n\t\t\t\t<\/div>\n\t\t\t\t<\/div>","protected":false},"excerpt":{"rendered":"<p>Business Intelligence &amp; Data Science Benefits Real-time business analytics | Identify patterns and trends \u00a0| Customize and improve your customer&#8217;s experience Let&#8217;s start the change now! Let&#8217;s talk about your projects! We are prepared to offer you the solutions your company needs. Services We Provide Design, Development and Integrations: Customized dashboards Reports and analysis for [&hellip;]<\/p>","protected":false},"author":1,"featured_media":0,"parent":5465,"menu_order":5,"comment_status":"closed","ping_status":"closed","template":"elementor_header_footer","meta":{"_acf_changed":false,"_eb_attr":"","_joinchat":[],"footnotes":""},"class_list":["post-3181","page","type-page","status-publish","hentry"],"acf":[],"yoast_head":"<!-- This site is optimized with the Yoast SEO Premium plugin v23.8 (Yoast SEO v26.9) - https:\/\/yoast.com\/product\/yoast-seo-premium-wordpress\/ -->\n<title>Business Intelligence &amp; Data Science<\/title>\n<meta name=\"robots\" content=\"index, follow, max-snippet:-1, max-image-preview:large, max-video-preview:-1\" \/>\n<link rel=\"canonical\" href=\"https:\/\/mdtechbiz.com\/es\/business-intelligence-data-science\/\" \/>\n<meta property=\"og:locale\" content=\"es_ES\" \/>\n<meta property=\"og:type\" content=\"article\" \/>\n<meta property=\"og:title\" content=\"Business Intelligence &amp; Data Science\" \/>\n<meta property=\"og:description\" content=\"Business Intelligence &amp; Data Science Benefits Real-time business analytics | Identify patterns and trends \u00a0| Customize and improve your customer&#8217;s experience Let&#8217;s start the change now! Let&#8217;s talk about your projects! We are prepared to offer you the solutions your company needs. Services We Provide Design, Development and Integrations: Customized dashboards Reports and analysis for [&hellip;]\" \/>\n<meta property=\"og:url\" content=\"https:\/\/mdtechbiz.com\/es\/business-intelligence-data-science\/\" \/>\n<meta property=\"article:modified_time\" content=\"2025-03-21T03:53:00+00:00\" \/>\n<meta property=\"og:image\" content=\"https:\/\/mdtechbiz.com\/wp-content\/uploads\/2023\/04\/data.png\" \/>\n\t<meta property=\"og:image:width\" content=\"843\" \/>\n\t<meta property=\"og:image:height\" content=\"818\" \/>\n\t<meta property=\"og:image:type\" content=\"image\/png\" \/>\n<meta name=\"twitter:card\" content=\"summary_large_image\" \/>\n<meta name=\"twitter:label1\" content=\"Est. reading time\" \/>\n\t<meta name=\"twitter:data1\" content=\"1 minuto\" \/>\n<script type=\"application\/ld+json\" class=\"yoast-schema-graph\">{\"@context\":\"https:\/\/schema.org\",\"@graph\":[{\"@type\":\"WebPage\",\"@id\":\"https:\/\/mdtechbiz.com\/business-intelligence-data-science\/\",\"url\":\"https:\/\/mdtechbiz.com\/business-intelligence-data-science\/\",\"name\":\"Business Intelligence & Data Science\",\"isPartOf\":{\"@id\":\"https:\/\/mdtechbiz.com\/#website\"},\"primaryImageOfPage\":{\"@id\":\"https:\/\/mdtechbiz.com\/business-intelligence-data-science\/#primaryimage\"},\"image\":{\"@id\":\"https:\/\/mdtechbiz.com\/business-intelligence-data-science\/#primaryimage\"},\"thumbnailUrl\":\"https:\/\/mdtechbiz.com\/wp-content\/uploads\/2023\/04\/data.png\",\"datePublished\":\"2022-12-22T02:38:12+00:00\",\"dateModified\":\"2025-03-21T03:53:00+00:00\",\"breadcrumb\":{\"@id\":\"https:\/\/mdtechbiz.com\/business-intelligence-data-science\/#breadcrumb\"},\"inLanguage\":\"es\",\"potentialAction\":[{\"@type\":\"ReadAction\",\"target\":[\"https:\/\/mdtechbiz.com\/business-intelligence-data-science\/\"]}]},{\"@type\":\"ImageObject\",\"inLanguage\":\"es\",\"@id\":\"https:\/\/mdtechbiz.com\/business-intelligence-data-science\/#primaryimage\",\"url\":\"https:\/\/mdtechbiz.com\/wp-content\/uploads\/2023\/04\/data.png\",\"contentUrl\":\"https:\/\/mdtechbiz.com\/wp-content\/uploads\/2023\/04\/data.png\"},{\"@type\":\"BreadcrumbList\",\"@id\":\"https:\/\/mdtechbiz.com\/business-intelligence-data-science\/#breadcrumb\",\"itemListElement\":[{\"@type\":\"ListItem\",\"position\":1,\"name\":\"Inicio\",\"item\":\"https:\/\/mdtechbiz.com\/\"},{\"@type\":\"ListItem\",\"position\":2,\"name\":\"Business Intelligence &#038; Data Science\"}]},{\"@type\":\"WebSite\",\"@id\":\"https:\/\/mdtechbiz.com\/#website\",\"url\":\"https:\/\/mdtechbiz.com\/\",\"name\":\"MDTechBiz\",\"description\":\"MD Tech Biz: Solutions on digital platforms, specializing in graphic design, UX\/UI, custom software development, business intelligence, and tailored consulting.\",\"alternateName\":\"MD\",\"potentialAction\":[{\"@type\":\"SearchAction\",\"target\":{\"@type\":\"EntryPoint\",\"urlTemplate\":\"https:\/\/mdtechbiz.com\/?s={search_term_string}\"},\"query-input\":{\"@type\":\"PropertyValueSpecification\",\"valueRequired\":true,\"valueName\":\"search_term_string\"}}],\"inLanguage\":\"es\"}]}<\/script>\n<!-- \/ Yoast SEO Premium plugin. -->","yoast_head_json":{"title":"Business Intelligence &amp; Data Science","robots":{"index":"index","follow":"follow","max-snippet":"max-snippet:-1","max-image-preview":"max-image-preview:large","max-video-preview":"max-video-preview:-1"},"canonical":"https:\/\/mdtechbiz.com\/es\/business-intelligence-data-science\/","og_locale":"es_ES","og_type":"article","og_title":"Business Intelligence & Data Science","og_description":"Business Intelligence &amp; Data Science Benefits Real-time business analytics | Identify patterns and trends \u00a0| Customize and improve your customer&#8217;s experience Let&#8217;s start the change now! Let&#8217;s talk about your projects! We are prepared to offer you the solutions your company needs. Services We Provide Design, Development and Integrations: Customized dashboards Reports and analysis for [&hellip;]","og_url":"https:\/\/mdtechbiz.com\/es\/business-intelligence-data-science\/","article_modified_time":"2025-03-21T03:53:00+00:00","og_image":[{"width":843,"height":818,"url":"https:\/\/mdtechbiz.com\/wp-content\/uploads\/2023\/04\/data.png","type":"image\/png"}],"twitter_card":"summary_large_image","twitter_misc":{"Est. reading time":"1 minuto"},"schema":{"@context":"https:\/\/schema.org","@graph":[{"@type":"WebPage","@id":"https:\/\/mdtechbiz.com\/business-intelligence-data-science\/","url":"https:\/\/mdtechbiz.com\/business-intelligence-data-science\/","name":"Business Intelligence &amp; Data Science","isPartOf":{"@id":"https:\/\/mdtechbiz.com\/#website"},"primaryImageOfPage":{"@id":"https:\/\/mdtechbiz.com\/business-intelligence-data-science\/#primaryimage"},"image":{"@id":"https:\/\/mdtechbiz.com\/business-intelligence-data-science\/#primaryimage"},"thumbnailUrl":"https:\/\/mdtechbiz.com\/wp-content\/uploads\/2023\/04\/data.png","datePublished":"2022-12-22T02:38:12+00:00","dateModified":"2025-03-21T03:53:00+00:00","breadcrumb":{"@id":"https:\/\/mdtechbiz.com\/business-intelligence-data-science\/#breadcrumb"},"inLanguage":"es","potentialAction":[{"@type":"ReadAction","target":["https:\/\/mdtechbiz.com\/business-intelligence-data-science\/"]}]},{"@type":"ImageObject","inLanguage":"es","@id":"https:\/\/mdtechbiz.com\/business-intelligence-data-science\/#primaryimage","url":"https:\/\/mdtechbiz.com\/wp-content\/uploads\/2023\/04\/data.png","contentUrl":"https:\/\/mdtechbiz.com\/wp-content\/uploads\/2023\/04\/data.png"},{"@type":"BreadcrumbList","@id":"https:\/\/mdtechbiz.com\/business-intelligence-data-science\/#breadcrumb","itemListElement":[{"@type":"ListItem","position":1,"name":"Inicio","item":"https:\/\/mdtechbiz.com\/"},{"@type":"ListItem","position":2,"name":"Business Intelligence &#038; Data Science"}]},{"@type":"WebSite","@id":"https:\/\/mdtechbiz.com\/#website","url":"https:\/\/mdtechbiz.com\/","name":"MDTechBiz","description":"MD Tech Biz: Solutions on digital platforms, specializing in graphic design, UX\/UI, custom software development, business intelligence, and tailored consulting.","alternateName":"MD","potentialAction":[{"@type":"SearchAction","target":{"@type":"EntryPoint","urlTemplate":"https:\/\/mdtechbiz.com\/?s={search_term_string}"},"query-input":{"@type":"PropertyValueSpecification","valueRequired":true,"valueName":"search_term_string"}}],"inLanguage":"es"}]}},"_links":{"self":[{"href":"https:\/\/mdtechbiz.com\/es\/wp-json\/wp\/v2\/pages\/3181","targetHints":{"allow":["GET"]}}],"collection":[{"href":"https:\/\/mdtechbiz.com\/es\/wp-json\/wp\/v2\/pages"}],"about":[{"href":"https:\/\/mdtechbiz.com\/es\/wp-json\/wp\/v2\/types\/page"}],"author":[{"embeddable":true,"href":"https:\/\/mdtechbiz.com\/es\/wp-json\/wp\/v2\/users\/1"}],"replies":[{"embeddable":true,"href":"https:\/\/mdtechbiz.com\/es\/wp-json\/wp\/v2\/comments?post=3181"}],"version-history":[{"count":186,"href":"https:\/\/mdtechbiz.com\/es\/wp-json\/wp\/v2\/pages\/3181\/revisions"}],"predecessor-version":[{"id":7519,"href":"https:\/\/mdtechbiz.com\/es\/wp-json\/wp\/v2\/pages\/3181\/revisions\/7519"}],"up":[{"embeddable":true,"href":"https:\/\/mdtechbiz.com\/es\/wp-json\/wp\/v2\/pages\/5465"}],"wp:attachment":[{"href":"https:\/\/mdtechbiz.com\/es\/wp-json\/wp\/v2\/media?parent=3181"}],"curies":[{"name":"wp","href":"https:\/\/api.w.org\/{rel}","templated":true}]}}